{"id":3905,"date":"2021-06-29T04:11:08","date_gmt":"2021-06-29T04:11:08","guid":{"rendered":"https:\/\/iutdepinfo.iutmontp.univ-montp2.fr\/vitrine\/?page_id=3905"},"modified":"2022-05-13T09:28:32","modified_gmt":"2022-05-13T09:28:32","slug":"licences-professionnelles","status":"publish","type":"page","link":"https:\/\/iutdepinfo.iutmontp.univ-montp2.fr\/vitrine\/licences-professionnelles\/","title":{"rendered":"Licences Professionnelles"},"content":{"rendered":"<div class=\"fusion-fullwidth fullwidth-box fusion-builder-row-1 fusion-flex-container nonhundred-percent-fullwidth non-hundred-percent-height-scrolling\" style=\"background-color: rgba(255,255,255,0);background-position: center center;background-repeat: no-repeat;border-width: 0px 0px 0px 0px;border-color:#e7e4e2;border-style:solid;\" ><div class=\"fusion-builder-row fusion-row fusion-flex-align-items-flex-start\" style=\"max-width:1331.2px;margin-left: calc(-4% \/ 2 );margin-right: calc(-4% \/ 2 );\"><div class=\"fusion-layout-column fusion_builder_column fusion-builder-column-0 fusion_builder_column_1_1 1_1 fusion-flex-column\"><div class=\"fusion-column-wrapper fusion-flex-justify-content-flex-start fusion-content-layout-column\" style=\"background-position:left top;background-repeat:no-repeat;-webkit-background-size:cover;-moz-background-size:cover;-o-background-size:cover;background-size:cover;padding: 0px 0px 0px 0px;\"><div class=\"fusion-text fusion-text-1\"><h2 class=\"componentheading\"><span class=\"subheading-category\">API E-business<\/span><\/h2>\n<p><span class=\"codeGras\">L&rsquo;enseignement est dispens\u00e9 sous forme :<\/span><\/p>\n<ul>\n<li>de cours, travaux dirig\u00e9s et conf\u00e9rences assur\u00e9s par des professionnels et des universitaires;\u00a0le volume horaire correspondant est de 450 heures.<\/li>\n<li>de visites d&rsquo;entreprises et de travaux pratiques en salle machine<\/li>\n<li>de projets tutor\u00e9s<\/li>\n<li>d&rsquo;un stage de quatre mois en milieu professionnel cl\u00f4turant cette ann\u00e9e universitaire.<\/li>\n<\/ul>\n<p>Les enseignements sont d\u00e9coup\u00e9s en Unit\u00e9s d&rsquo;Enseignement puis en modules semestriels. Chaque semestre permet l&rsquo;attribution de 30 cr\u00e9dits.<\/p>\n<p>Vous pouvez t\u00e9l\u00e9charger la plaquette d&rsquo;information <a href=\"https:\/\/iutdepinfo.iutmontp.univ-montp2.fr\/vitrine\/wp-content\/uploads\/2022\/05\/INFO_APIDAE_2022-1.pdf\">ici<\/a>.<\/p>\n<h4><\/h4>\n<h4 class=\"codeJustifie\">Conditions d&rsquo;admission<\/h4>\n<div class=\"codeJustifie\">Formation ouverte aux \u00e9tudiants titulaires d&rsquo;un Bac+2 pouvant justifier de pr\u00e9requis en Informatique\u00a0:\u00a0DUT Informatique, DUT R\u00e9seaux et T\u00e9l\u00e9coms, DUT Statistiques et traitement informatique des donn\u00e9es, BTS informatique de gestion option \u00ab\u00a0d\u00e9veloppeur d&rsquo;applications\u00a0\u00bb et aux \u00e9tudiants de licence \u00ab\u00a0informatique\u00a0\u00bb ou de \u00ab\u00a0math\u00e9matiques et informatique\u00a0\u00bb ayant valid\u00e9 120 ECTS.<br \/>\nEn formation permanente, l&rsquo;admission est r\u00e9alis\u00e9e sur dossier et entretien pour des personnes titulaires d&rsquo;un bac +2 et pouvant justifier d&rsquo;une exp\u00e9rience professionnelle en Informatique de 3 ans.<\/div>\n<div><\/div>\n<div>\n<div class=\"codeCenter\">\n<h4 class=\"codeTitre2\">Programme :<\/h4>\n<h4 class=\"codeBorder\"><span class=\"codeVert\"><span class=\"codeGras\">Semestre 1<\/span><\/span><\/h4>\n<\/div>\n<h4 class=\"codeTitre3\"><span class=\"codeVert\">UNITE D&rsquo;ENSEIGNEMENT LE11 : Algorithmique et Programmation avanc\u00e9es (ECTS\u00a010)<\/span><\/h4>\n<h5><span class=\"codeGras\">Module LE11a : Programmation objet avanc\u00e9e en Java (5)<\/span><\/h5>\n<ul>\n<li>Concepts sur la programmation objet (Java), collections, h\u00e9ritage, polymorphisme.<\/li>\n<li>Programmation \u00e9v\u00e9nementielle, programmation graphique, gestion des exceptions, gestion de flux, &#8230;<\/li>\n<li>Appels de m\u00e9thodes et de services distants. Javabeans ;<\/li>\n<\/ul>\n<h5><span class=\"codeGras\">Module LE11b : D\u00e9veloppement d&rsquo;applications pour le web (5)<\/span><\/h5>\n<ul>\n<li>Conception de sites web c\u00f4t\u00e9 client, Principes ergonomiques, HTML, feuilles de style, Javascript, Applets Java.<\/li>\n<li>Programmation c\u00f4t\u00e9 serveur, &#8230;, PHP. Servlets et JSP.<\/li>\n<\/ul>\n<h4 class=\"codeTitre3\"><span class=\"codeVert\">UNITE D&rsquo;ENSEIGNEMENT LE12 : Environnement du e-business (ECTS 10)<\/span><\/h4>\n<h5><span class=\"codeGras\">Module LE12a : R\u00e9seaux et S\u00e9curit\u00e9 (5)<\/span><\/h5>\n<ul>\n<li>Installation multi-syst\u00e8mes (lilo, Linux, Window NT),<\/li>\n<li>Etude des protocoles TCP \/IP : encapsulation, routage, passerelle, sous-r\u00e9seau, adressage Internet IV4 et\u00a0IV6,<\/li>\n<li>Principe de communication client-serveur : socket, allocation de num\u00e9ro de port,<\/li>\n<li>Notion de risque, classification des risques, cons\u00e9quences pr\u00e9vention et exemples et sc\u00e9narios types,<\/li>\n<li>Syst\u00e8mes et protocoles de s\u00e9curit\u00e9 r\u00e9seau (Cryptage, SSL, Kerberos, LDAP&#8230;).<\/li>\n<li>Solutions techniques \u00e0 la s\u00e9curit\u00e9 : choix et installation de solutions (anti-intrusion, anti-virus, cryptage,&#8230;).<\/li>\n<\/ul>\n<h5><span class=\"codeGras\">Module LE12b : Bases de donn\u00e9es avanc\u00e9es (5)<\/span><\/h5>\n<ul>\n<li>Approfondissement du mod\u00e8le relationnel<\/li>\n<li>Introduction aux bases de donn\u00e9es objet-relationnelles<\/li>\n<li>Interfa\u00e7age avec un langage de programmation (JDBC, mapping)<\/li>\n<li>Stockage et \u00e9change de donn\u00e9es avec XML : Sch\u00e9mas XML, DTD, XSL(T), XPath, XQuery, Services\u00a0Web,<\/li>\n<\/ul>\n<h4 class=\"codeTitre3\"><span class=\"codeVert\">UNITE D&rsquo;ENSEIGNEMENT LE13 : G\u00e9nie Logiciel (ECTS 10)<\/span><\/h4>\n<h5><span class=\"codeGras\">Module LE13a : Architecture logicielle (5)<\/span><\/h5>\n<ul>\n<li>Le langage UML2 : \u00e9tude des diff\u00e9rents mod\u00e8les statiques et dynamiques<\/li>\n<li>Mod\u00e8les de conception r\u00e9utilisables (design patterns)<\/li>\n<li>Utilisation d&rsquo;un atelier de g\u00e9nie logiciel<\/li>\n<li>Processus de d\u00e9veloppement : UP,\u00a0XP,\u00a02TUP,\u00a0&#8230;<\/li>\n<\/ul>\n<h5><span class=\"codeGras\">Module LE13b : E-Business (5)<\/span><\/h5>\n<ul>\n<li>Introduction au e-commerce : conception et services \u00e9lectroniques marchands, marketing et commerce \u00e9lectronique,<\/li>\n<li>Gestion de projets e-business<\/li>\n<li>S\u00e9curit\u00e9 des transactions \u00e9lectroniques,<\/li>\n<li>Aspects juridiques inh\u00e9rents au e-business et au e-commerce<\/li>\n<\/ul>\n<div class=\"codeCenter\">\n<div class=\"codeTitre2\">\n<h4 class=\"codeBorder\"><span class=\"codeVert\"><span class=\"codeGras\">Semestre 2<\/span><\/span><\/h4>\n<\/div>\n<\/div>\n<h4><span class=\"codeVert\">UNITE D&rsquo;ENSEIGNEMENT LE4 : D\u00e9veloppement e-business (ECTS 10)<\/span><\/h4>\n<h5><span class=\"codeGras\"> Module LE41 : Comp\u00e9tences compl\u00e9mentaires (3)<\/span><\/h5>\n<ul>\n<li>Anglais (ou 2\u00e8me Langue vivante)<\/li>\n<li>Expression, NTIC,<\/li>\n<li>Gestion (cr\u00e9ation d&rsquo;entreprise, droit, &#8230;)<\/li>\n<\/ul>\n<h5><span class=\"codeGras\">Module LE42 : Projet tutor\u00e9 (9)<\/span><\/h5>\n<ul>\n<li>R\u00e9alisation d&rsquo;une \u00e9tude de synth\u00e8se en groupe.<\/li>\n<\/ul>\n<h4 class=\"codeTitre3\"><span class=\"codeVert\">UNITE D&rsquo;ENSEIGNEMENT LE5 : stage en entreprise (15 semaines) (ECTS 18)<\/span><\/h4>\n<ul>\n<li>Insertion qualifiante en milieu professionnel.<\/li>\n<\/ul>\n<h3>D\u00e9bouch\u00e9s :<\/h3>\n<div class=\"codeJustifie\">Les m\u00e9tiers vis\u00e9s concernent le <span class=\"codeGras\"><strong>d\u00e9veloppement d&rsquo;applications dans le domaine e-business, le d\u00e9veloppement d&rsquo;applications classique et de sites web g\u00e9n\u00e9ralistes<\/strong>.<\/span><\/div>\n<p>Les dipl\u00f4m\u00e9s de la licence professionnelle SIL \u00ab D\u00e9veloppement d&rsquo;applications e-business \u00bb seront embauch\u00e9s comme :<\/p>\n<ul>\n<li>D\u00e9veloppeur web (analyste-programmeur \/concepteur \/ responsable d&rsquo;\u00e9tudes),<\/li>\n<li>Int\u00e9grateur de syst\u00e8mes internet,<\/li>\n<li>Webmestre,<\/li>\n<li>Responsable de la s\u00e9curit\u00e9 informatique,&#8230;<\/li>\n<\/ul>\n<h4>Dur\u00e9e de la formation<\/h4>\n<p>2 semestres (1 an)<\/p>\n<\/div>\n<\/div><\/div><style type=\"text\/css\">.fusion-body .fusion-builder-column-0{width:100% !important;margin-top : 10px;margin-bottom : 10px;}.fusion-builder-column-0 > .fusion-column-wrapper {padding-top : 0px !important;padding-right : 0px !important;margin-right : 1.92%;padding-bottom : 0px !important;padding-left : 0px !important;margin-left : 1.92%;}@media only screen and (max-width:1024px) {.fusion-body .fusion-builder-column-0{width:100% !important;order : 0;}.fusion-builder-column-0 > .fusion-column-wrapper {margin-right : 1.92%;margin-left : 1.92%;}}@media only screen and (max-width:640px) {.fusion-body .fusion-builder-column-0{width:100% !important;order : 0;}.fusion-builder-column-0 > .fusion-column-wrapper {margin-right : 1.92%;margin-left : 1.92%;}}<\/style><\/div><\/div><style type=\"text\/css\">.fusion-body .fusion-flex-container.fusion-builder-row-1{ padding-top : 0px;margin-top : 0px;padding-right : 0px;padding-bottom : 0px;margin-bottom : 0px;padding-left : 0px;}<\/style><\/div>\n","protected":false},"excerpt":{"rendered":"","protected":false},"author":35,"featured_media":0,"parent":0,"menu_order":0,"comment_status":"closed","ping_status":"closed","template":"","meta":{"footnotes":""},"class_list":["post-3905","page","type-page","status-publish","hentry"],"_links":{"self":[{"href":"https:\/\/iutdepinfo.iutmontp.univ-montp2.fr\/vitrine\/wp-json\/wp\/v2\/pages\/3905","targetHints":{"allow":["GET"]}}],"collection":[{"href":"https:\/\/iutdepinfo.iutmontp.univ-montp2.fr\/vitrine\/wp-json\/wp\/v2\/pages"}],"about":[{"href":"https:\/\/iutdepinfo.iutmontp.univ-montp2.fr\/vitrine\/wp-json\/wp\/v2\/types\/page"}],"author":[{"embeddable":true,"href":"https:\/\/iutdepinfo.iutmontp.univ-montp2.fr\/vitrine\/wp-json\/wp\/v2\/users\/35"}],"replies":[{"embeddable":true,"href":"https:\/\/iutdepinfo.iutmontp.univ-montp2.fr\/vitrine\/wp-json\/wp\/v2\/comments?post=3905"}],"version-history":[{"count":4,"href":"https:\/\/iutdepinfo.iutmontp.univ-montp2.fr\/vitrine\/wp-json\/wp\/v2\/pages\/3905\/revisions"}],"predecessor-version":[{"id":3986,"href":"https:\/\/iutdepinfo.iutmontp.univ-montp2.fr\/vitrine\/wp-json\/wp\/v2\/pages\/3905\/revisions\/3986"}],"wp:attachment":[{"href":"https:\/\/iutdepinfo.iutmontp.univ-montp2.fr\/vitrine\/wp-json\/wp\/v2\/media?parent=3905"}],"curies":[{"name":"wp","href":"https:\/\/api.w.org\/{rel}","templated":true}]}}